{"id":98,"date":"2019-10-06T11:09:36","date_gmt":"2019-10-06T09:09:36","guid":{"rendered":"http:\/\/gosarpoder.cat\/?page_id=98"},"modified":"2024-01-18T17:41:09","modified_gmt":"2024-01-18T16:41:09","slug":"agenda","status":"publish","type":"page","link":"http:\/\/gosarpoder.cat\/?page_id=98","title":{"rendered":"Propers actes"},"content":{"rendered":"\n<figure class=\"wp-block-image size-large is-resized\"><img loading=\"lazy\" decoding=\"async\" width=\"1024\" height=\"733\" src=\"http:\/\/gosarpoder.cat\/wp-content\/uploads\/2024\/01\/Ferrate-Joan-e1358466439133-1024x733.jpg\" alt=\"\" class=\"wp-image-1443\" style=\"width:486px;height:auto\" srcset=\"http:\/\/gosarpoder.cat\/wp-content\/uploads\/2024\/01\/Ferrate-Joan-e1358466439133-1024x733.jpg 1024w, http:\/\/gosarpoder.cat\/wp-content\/uploads\/2024\/01\/Ferrate-Joan-e1358466439133-300x215.jpg 300w, http:\/\/gosarpoder.cat\/wp-content\/uploads\/2024\/01\/Ferrate-Joan-e1358466439133-768x550.jpg 768w, http:\/\/gosarpoder.cat\/wp-content\/uploads\/2024\/01\/Ferrate-Joan-e1358466439133-1536x1100.jpg 1536w, http:\/\/gosarpoder.cat\/wp-content\/uploads\/2024\/01\/Ferrate-Joan-e1358466439133-2048x1466.jpg 2048w\" sizes=\"auto, (max-width: 767px) 89vw, (max-width: 1000px) 54vw, (max-width: 1071px) 543px, 580px\" \/><\/figure>\n\n\n\n<p><\/p>\n\n\n\n<p class=\"has-medium-font-size\">El 2024 \u00e9s el centenari de Joan Ferrat\u00e9, germ\u00e0 de Gabriel Ferrater.<\/p>\n\n\n\n<p class=\"has-medium-font-size\">Estem treballant en diversos actes per commemorar aquest aniversari.<\/p>\n\n\n\n<p><\/p>\n","protected":false},"excerpt":{"rendered":"<p>El 2024 \u00e9s el centenari de Joan Ferrat\u00e9, germ\u00e0 de Gabriel Ferrater. Estem treballant en diversos actes per commemorar aquest aniversari.<\/p>\n","protected":false},"author":1,"featured_media":0,"parent":0,"menu_order":0,"comment_status":"closed","ping_status":"closed","template":"","meta":{"footnotes":""},"class_list":["post-98","page","type-page","status-publish","hentry"],"_links":{"self":[{"href":"http:\/\/gosarpoder.cat\/index.php?rest_route=\/wp\/v2\/pages\/98","targetHints":{"allow":["GET"]}}],"collection":[{"href":"http:\/\/gosarpoder.cat\/index.php?rest_route=\/wp\/v2\/pages"}],"about":[{"href":"http:\/\/gosarpoder.cat\/index.php?rest_route=\/wp\/v2\/types\/page"}],"author":[{"embeddable":true,"href":"http:\/\/gosarpoder.cat\/index.php?rest_route=\/wp\/v2\/users\/1"}],"replies":[{"embeddable":true,"href":"http:\/\/gosarpoder.cat\/index.php?rest_route=%2Fwp%2Fv2%2Fcomments&post=98"}],"version-history":[{"count":58,"href":"http:\/\/gosarpoder.cat\/index.php?rest_route=\/wp\/v2\/pages\/98\/revisions"}],"predecessor-version":[{"id":1444,"href":"http:\/\/gosarpoder.cat\/index.php?rest_route=\/wp\/v2\/pages\/98\/revisions\/1444"}],"wp:attachment":[{"href":"http:\/\/gosarpoder.cat\/index.php?rest_route=%2Fwp%2Fv2%2Fmedia&parent=98"}],"curies":[{"name":"wp","href":"https:\/\/api.w.org\/{rel}","templated":true}]}}