{"id":473,"date":"2019-10-10T21:12:03","date_gmt":"2019-10-10T19:12:03","guid":{"rendered":"http:\/\/gosarpoder.cat\/?page_id=473"},"modified":"2019-10-12T20:51:55","modified_gmt":"2019-10-12T18:51:55","slug":"logo","status":"publish","type":"page","link":"http:\/\/gosarpoder.cat\/?page_id=473","title":{"rendered":"Logo"},"content":{"rendered":"\n<p class=\"has-medium-font-size\">Agra\u00efm al dissenyador reusenc<strong> <\/strong><a href=\"http:\/\/reusdigital.cat\/noticies\/reus\/jordi-romero-el-fill-de-reus-doblement-prodig\"><strong>Jordi Romero<\/strong><\/a> la realitzaci\u00f3 del logo de la nostra associaci\u00f3.<\/p>\n\n\n\n<figure class=\"wp-block-image\"><img loading=\"lazy\" decoding=\"async\" width=\"1024\" height=\"725\" src=\"http:\/\/gosarpoder.cat\/wp-content\/uploads\/2019\/10\/AGP_centrat-c\u00f2pia-1-1024x725.jpg\" alt=\"\" class=\"wp-image-477\" srcset=\"http:\/\/gosarpoder.cat\/wp-content\/uploads\/2019\/10\/AGP_centrat-c\u00f2pia-1-1024x725.jpg 1024w, http:\/\/gosarpoder.cat\/wp-content\/uploads\/2019\/10\/AGP_centrat-c\u00f2pia-1-300x212.jpg 300w, http:\/\/gosarpoder.cat\/wp-content\/uploads\/2019\/10\/AGP_centrat-c\u00f2pia-1-768x543.jpg 768w\" sizes=\"auto, (max-width: 767px) 89vw, (max-width: 1000px) 54vw, (max-width: 1071px) 543px, 580px\" \/><\/figure>\n\n\n\n<p class=\"has-medium-font-size\">El seu pare, Albert Romero, va ser amic de la infantesa del mateix Gabriel Ferrater.<\/p>\n\n\n\n<figure class=\"wp-block-image\"><img loading=\"lazy\" decoding=\"async\" width=\"1024\" height=\"1005\" src=\"http:\/\/gosarpoder.cat\/wp-content\/uploads\/2019\/10\/fullsizeoutput_3ab-1-1024x1005.jpeg\" alt=\"\" class=\"wp-image-478\" srcset=\"http:\/\/gosarpoder.cat\/wp-content\/uploads\/2019\/10\/fullsizeoutput_3ab-1-1024x1005.jpeg 1024w, http:\/\/gosarpoder.cat\/wp-content\/uploads\/2019\/10\/fullsizeoutput_3ab-1-300x295.jpeg 300w, http:\/\/gosarpoder.cat\/wp-content\/uploads\/2019\/10\/fullsizeoutput_3ab-1-768x754.jpeg 768w, http:\/\/gosarpoder.cat\/wp-content\/uploads\/2019\/10\/fullsizeoutput_3ab-1.jpeg 1971w\" sizes=\"auto, (max-width: 767px) 89vw, (max-width: 1000px) 54vw, (max-width: 1071px) 543px, 580px\" \/><figcaption>1935. Tenis Reus Deportiu. La Colla dels Quatre: el Pitu (Mass\u00f3), l&#8217;Albert (Romero), el Gabriel (Ferrater) i l&#8217;Agust\u00ed (Sol\u00e9-Barber\u00e0). Font: \u00c0lbum Ferrater<\/figcaption><\/figure>\n\n\n\n<p>Inici<\/p>\n\n\n\n<p><\/p>\n","protected":false},"excerpt":{"rendered":"<p>Agra\u00efm al dissenyador reusenc Jordi Romero la realitzaci\u00f3 del logo de la nostra associaci\u00f3. El seu pare, Albert Romero, va ser amic de la infantesa del mateix Gabriel Ferrater. Inici<\/p>\n","protected":false},"author":1,"featured_media":0,"parent":0,"menu_order":0,"comment_status":"closed","ping_status":"closed","template":"","meta":{"footnotes":""},"class_list":["post-473","page","type-page","status-publish","hentry"],"_links":{"self":[{"href":"http:\/\/gosarpoder.cat\/index.php?rest_route=\/wp\/v2\/pages\/473","targetHints":{"allow":["GET"]}}],"collection":[{"href":"http:\/\/gosarpoder.cat\/index.php?rest_route=\/wp\/v2\/pages"}],"about":[{"href":"http:\/\/gosarpoder.cat\/index.php?rest_route=\/wp\/v2\/types\/page"}],"author":[{"embeddable":true,"href":"http:\/\/gosarpoder.cat\/index.php?rest_route=\/wp\/v2\/users\/1"}],"replies":[{"embeddable":true,"href":"http:\/\/gosarpoder.cat\/index.php?rest_route=%2Fwp%2Fv2%2Fcomments&post=473"}],"version-history":[{"count":7,"href":"http:\/\/gosarpoder.cat\/index.php?rest_route=\/wp\/v2\/pages\/473\/revisions"}],"predecessor-version":[{"id":529,"href":"http:\/\/gosarpoder.cat\/index.php?rest_route=\/wp\/v2\/pages\/473\/revisions\/529"}],"wp:attachment":[{"href":"http:\/\/gosarpoder.cat\/index.php?rest_route=%2Fwp%2Fv2%2Fmedia&parent=473"}],"curies":[{"name":"wp","href":"https:\/\/api.w.org\/{rel}","templated":true}]}}