{"id":429,"date":"2019-10-10T10:37:10","date_gmt":"2019-10-10T08:37:10","guid":{"rendered":"http:\/\/gosarpoder.cat\/?page_id=429"},"modified":"2024-12-01T11:42:48","modified_gmt":"2024-12-01T10:42:48","slug":"actes-realitzats","status":"publish","type":"page","link":"http:\/\/gosarpoder.cat\/?page_id=429","title":{"rendered":"Actes realitzats"},"content":{"rendered":"<figure class=\"wp-block-image is-resized\"><img loading=\"lazy\" decoding=\"async\" width=\"1024\" height=\"576\" src=\"http:\/\/gosarpoder.cat\/wp-content\/uploads\/2019\/10\/gabriel-ferrater-el-poeta-reusenc-de-qui-ja-sen-prepara-el-centenari-5c8b9f7c4faff-2-1024x576.jpg\" alt=\"\" class=\"wp-image-510\" style=\"width:485px;height:273px\" srcset=\"http:\/\/gosarpoder.cat\/wp-content\/uploads\/2019\/10\/gabriel-ferrater-el-poeta-reusenc-de-qui-ja-sen-prepara-el-centenari-5c8b9f7c4faff-2-1024x576.jpg 1024w, http:\/\/gosarpoder.cat\/wp-content\/uploads\/2019\/10\/gabriel-ferrater-el-poeta-reusenc-de-qui-ja-sen-prepara-el-centenari-5c8b9f7c4faff-2-300x169.jpg 300w, http:\/\/gosarpoder.cat\/wp-content\/uploads\/2019\/10\/gabriel-ferrater-el-poeta-reusenc-de-qui-ja-sen-prepara-el-centenari-5c8b9f7c4faff-2-768x432.jpg 768w, http:\/\/gosarpoder.cat\/wp-content\/uploads\/2019\/10\/gabriel-ferrater-el-poeta-reusenc-de-qui-ja-sen-prepara-el-centenari-5c8b9f7c4faff-2.jpg 1200w\" sizes=\"auto, (max-width: 767px) 89vw, (max-width: 1000px) 54vw, (max-width: 1071px) 543px, 580px\" \/><\/figure>\n\n\n<p><\/p>\n\n\n\n<p class=\"has-medium-font-size\">29\/11\/2024 &#8211; <a href=\"http:\/\/gosarpoder.cat\/?p=1480\"><strong>Confer\u00e8ncia \u00abJoan Ferrat\u00e9: l\u2019home cosit de lletres i experi\u00e8ncia\u00bb de V\u00edctor Obiols.<\/strong><\/a><\/p>\n\n\n\n<p class=\"has-medium-font-size\">21\/11\/2024 &#8211; <a href=\"http:\/\/gosarpoder.cat\/?p=1469\"><strong>Projecci\u00f3 del documental d<em>ol no hi ha m\u00e9s enll\u00e0 ni desig entremig<\/em><\/strong><\/a><\/p>\n\n\n\n<p class=\"has-medium-font-size\">17\/09\/ 2024 &#8211; <a href=\"http:\/\/gosarpoder.cat\/?p=1454\"><strong>Presentaci\u00f3 de <em>El jove Gabriel Ferrater, la llegenda<\/em><\/strong><\/a><\/p>\n\n\n\n<p class=\"has-medium-font-size\">15\/01\/2024 &#8211;<a href=\"http:\/\/gosarpoder.cat\/?p=1445\"> <strong>Presentaci\u00f3 de <em>Papers sobre literatura<\/em><\/strong><\/a><\/p>\n\n\n\n<p class=\"has-medium-font-size\">30\/11\/2022 &#8211; <a href=\"http:\/\/gosarpoder.cat\/?p=1408\"><strong>Reus &#8211; Barcelona &#8211; Sant Cugat<\/strong><\/a><\/p>\n\n\n\n<p class=\"has-medium-font-size\">20\/10\/2022 &#8211; <strong><a href=\"http:\/\/gosarpoder.cat\/?p=1392\">Helena Valent\u00ed, escriptora i traductora femnista<\/a><\/strong><\/p>\n\n\n\n<p class=\"has-medium-font-size\">15\/10\/2022 &#8211; <a href=\"http:\/\/gosarpoder.cat\/?p=1375\" data-type=\"URL\" data-id=\"http:\/\/gosarpoder.cat\/?p=1375\"><strong>Ruta Gabriel Ferrater<\/strong><\/a><\/p>\n\n\n\n<p class=\"has-medium-font-size\">14\/10\/2022 &#8211; <strong><a href=\"http:\/\/gosarpoder.cat\/?p=1375\">Musicar Gabriel Ferrater<\/a><\/strong><\/p>\n\n\n\n<p class=\"has-medium-font-size\">30\/09\/2022 &#8211; <a href=\"http:\/\/gosarpoder.cat\/?p=1366\"><strong>Gabriel Ferrater traductor<\/strong><\/a><\/p>\n\n\n\n<p class=\"has-medium-font-size\">11\/06\/2022 &#8211; <strong><a href=\"http:\/\/gosarpoder.cat\/?p=1272\">Fira Ep\u00edleg<\/a><\/strong><\/p>\n\n\n\n<p class=\"has-medium-font-size\">10\/06\/2022 &#8211; <strong><a href=\"http:\/\/gosarpoder.cat\/?p=1279\">Presentaci\u00f3 del llibre <em>L&#8217;art de la pintura<\/em><\/a><\/strong><\/p>\n\n\n\n<p class=\"has-medium-font-size\">07\/06\/2022 &#8211; <strong><a href=\"http:\/\/gosarpoder.cat\/?p=1287\">Presentaci\u00f3 del llibre <em>Donar nous als nens<\/em><\/a><\/strong><\/p>\n\n\n\n<p class=\"has-medium-font-size\">04\/06\/2022 &#8211; <a href=\"http:\/\/gosarpoder.cat\/?p=1267\"><strong>Correspond\u00e8ncies Gabriel Ferrater <\/strong><\/a><\/p>\n\n\n\n<p class=\"has-medium-font-size\">21\/05\/2022 &#8211; <a href=\"http:\/\/gosarpoder.cat\/?p=1249\"><strong>Al cor d&#8217;una rosa de full moixes<\/strong><\/a><\/p>\n\n\n\n<p class=\"has-medium-font-size\">19\/05\/2022 &#8211; <a href=\"http:\/\/gosarpoder.cat\/?p=1244\"><strong>Projecci\u00f3 de documentals<\/strong><\/a><\/p>\n\n\n\n<p class=\"has-medium-font-size\">17\/05\/2022 &#8211; <a href=\"http:\/\/gosarpoder.cat\/?p=1236\"><strong>Conversa amb Marta Pessarrodona<\/strong><\/a><\/p>\n\n\n\n<p class=\"has-medium-font-size\">10\/05\/2022 &#8211; <strong><a href=\"http:\/\/gosarpoder.cat\/?p=1224\">Ruta Gabriel Ferrater voluntariat per la llengua<\/a><\/strong><\/p>\n\n\n\n<p class=\"has-medium-font-size\">10\/05\/2022 &#8211; <strong><a href=\"http:\/\/gosarpoder.cat\/?p=1194\">Gabriel Ferrater, ling\u00fcist<\/a>a<\/strong><\/p>\n\n\n\n<p class=\"has-medium-font-size\">08\/05\/2022 &#8211; <strong><a href=\"http:\/\/gosarpoder.cat\/?p=1169\">Excursi\u00f3 al Picarany de Ferrater<\/a><\/strong><\/p>\n\n\n\n<p class=\"has-medium-font-size\">30\/04\/2022 &#8211; <strong><a href=\"http:\/\/gosarpoder.cat\/?p=1155\">Ruta Gabriel Ferrater<\/a> <\/strong><\/p>\n\n\n\n<p class=\"has-medium-font-size\">12\/04\/2022 &#8211; <strong><a href=\"http:\/\/gosarpoder.cat\/?p=1139\">Presentaci\u00f3 de la versi\u00f3 il\u00b7lustrada de Da nuces pueris<\/a><\/strong><\/p>\n\n\n\n<p class=\"has-medium-font-size\">21 i 22\/03\/2022 &#8211; <strong><a href=\"http:\/\/gosarpoder.cat\/?p=1108\">Dia Mundial de la Poesia<\/a><\/strong><\/p>\n\n\n\n<p class=\"has-medium-font-size\">13\/11\/2021 &#8211; <a href=\"http:\/\/gosarpoder.cat\/?p=981\"><strong>Ruta Gabriel Ferrater<\/strong> <\/a><\/p>\n\n\n\n<p class=\"has-medium-font-size\">05\/07\/2021 &#8211; <a href=\"http:\/\/gosarpoder.cat\/?p=964\"><strong>Jam po\u00e8tica<\/strong><\/a><\/p>\n\n\n\n<p class=\"has-medium-font-size\">25\/06\/2021 &#8211; <strong><a href=\"http:\/\/gosarpoder.cat\/?p=959\">Presentaci\u00f3 de l&#8217;oferta educativa de les Biblioteques Municipals de Reus sobre Gabriel Ferrater<\/a><\/strong><\/p>\n\n\n\n<p class=\"has-medium-font-size\">11\/06\/2021 &#8211; <strong><a href=\"http:\/\/gosarpoder.cat\/?p=938\">Cr\u00f2nica del Ferrater de Reus. Presentaci\u00f3 del fons Gabriel Ferrater<\/a><\/strong><\/p>\n\n\n\n<p class=\"has-medium-font-size\">22\/05\/2021 &#8211; <a href=\"http:\/\/gosarpoder.cat\/?p=902\"><strong>Ruta Gabriel Ferrater<\/strong><\/a><\/p>\n\n\n\n<p class=\"has-medium-font-size\">20\/05\/2021 &#8211; <a href=\"http:\/\/gosarpoder.cat\/?p=911\"><strong>Presentaci\u00f3 del llibre infogr\u00e0fic<\/strong><\/a><\/p>\n\n\n\n<p class=\"has-medium-font-size\">23\/04\/2021 &#8211; <a href=\"http:\/\/gosarpoder.cat\/?p=879\"><strong>Escape Room Gabriel Ferrater<\/strong><\/a><\/p>\n\n\n\n<p class=\"has-medium-font-size\">10\/04\/2021 &#8211; <a href=\"http:\/\/gosarpoder.cat\/?p=851\"><strong>Estrena de l&#8217;espectacle &#8220;Poema inacabat&#8221;<\/strong><\/a><\/p>\n\n\n\n<p class=\"has-medium-font-size\">26\/03\/2021 &#8211; <a href=\"http:\/\/gosarpoder.cat\/?p=840\"><strong>Presentaci\u00f3 de l&#8217;exposici\u00f3 itinerant<\/strong><\/a><\/p>\n\n\n\n<p class=\"has-medium-font-size\">20\/03\/2021 &#8211;<strong> <a href=\"http:\/\/gosarpoder.cat\/?p=800\">Al cor d&#8217;una rosa de fulles moixes<\/a><\/strong><\/p>\n\n\n\n<p class=\"has-medium-font-size\">18\/03\/2021 &#8211; <a href=\"http:\/\/gosarpoder.cat\/?p=772\"><strong>Presentaci\u00f3 dels actes del Pr\u00f2leg Gabriel Ferrater<\/strong><\/a><\/p>\n\n\n\n<p class=\"has-medium-font-size\">19\/09\/2020 &#8211; <strong><a href=\"http:\/\/gosarpoder.cat\/?p=636\">Ruta Gabriel Ferrater per Reus<\/a><\/strong><\/p>\n\n\n\n<p class=\"has-medium-font-size\">05\/03\/2020 &#8211; <strong><a href=\"http:\/\/gosarpoder.cat\/?p=593\">Gabriel Ferrater: un intel\u00b7lectual a contracorrent<\/a><\/strong><\/p>\n\n\n\n<p class=\"has-medium-font-size\">29\/10\/2019 &#8211;<strong> <\/strong><a href=\"http:\/\/gosarpoder.cat\/?p=537\"><strong>Gabriel Ferrater en la literatura catalana<\/strong><\/a><\/p>\n\n\n\n<p class=\"has-medium-font-size\">01\/10\/2019 &#8211; <strong><a href=\"http:\/\/gosarpoder.cat\/?p=320\">Joan Ferrat\u00e9: la literatura com a di\u00e0leg<\/a><\/strong><\/p>\n\n\n\n<p class=\"has-medium-font-size\">03\/05\/2019 &#8211; <strong><a href=\"http:\/\/gosarpoder.cat\/?p=308\">La cr\u00edtica liter\u00e0ria de Gabriel Ferrater<\/a><\/strong><\/p>\n\n\n\n<p class=\"has-medium-font-size\">24\/04\/2019 &#8211; <strong><a href=\"http:\/\/gosarpoder.cat\/?p=296\">Club de Lectura. &#8220;In Memoriam&#8221;<\/a><\/strong><\/p>\n\n\n\n<p class=\"has-medium-font-size\">04\/04\/2019 &#8211; <strong><a href=\"http:\/\/gosarpoder.cat\/?p=303\">Les dones i el riure: Ferrater com a poeta de la consci\u00e8ncia<\/a><\/strong><\/p>\n\n\n\n<p class=\"has-medium-font-size\">24\/05\/2018 &#8211;<strong> <\/strong><a href=\"http:\/\/gosarpoder.cat\/?p=272\"><strong>Presentaci\u00f3 <\/strong><\/a><em><a href=\"http:\/\/gosarpoder.cat\/?p=272\"><strong>De l&#8217;amor i del temps<\/strong><\/a><\/em> (difusi\u00f3)<\/p>\n\n\n\n<p class=\"has-medium-font-size\">20\/05\/2017 &#8211; <strong><a href=\"http:\/\/gosarpoder.cat\/?p=258\">Al cor d&#8217;una rosa de fulles moixes<\/a><\/strong><\/p>\n\n\n\n<p><a href=\"http:\/\/gosarpoder.cat\">Inici<\/a><\/p>\n","protected":false},"excerpt":{"rendered":"<p>29\/11\/2024 &#8211; Confer\u00e8ncia \u00abJoan Ferrat\u00e9: l\u2019home cosit de lletres i experi\u00e8ncia\u00bb de V\u00edctor Obiols. 21\/11\/2024 &#8211; Projecci\u00f3 del documental dol no hi ha m\u00e9s enll\u00e0 ni desig entremig 17\/09\/ 2024 &#8211; Presentaci\u00f3 de El jove Gabriel Ferrater, la llegenda 15\/01\/2024 &#8211; Presentaci\u00f3 de Papers sobre literatura 30\/11\/2022 &#8211; Reus &#8211; Barcelona &#8211; Sant Cugat 20\/10\/2022 &hellip; <\/p>\n<p class=\"link-more\"><a href=\"http:\/\/gosarpoder.cat\/?page_id=429\" class=\"more-link\">Continua llegint <span class=\"screen-reader-text\">\u00abActes realitzats\u00bb<\/span><\/a><\/p>\n","protected":false},"author":1,"featured_media":0,"parent":0,"menu_order":0,"comment_status":"closed","ping_status":"closed","template":"","meta":{"footnotes":""},"class_list":["post-429","page","type-page","status-publish","hentry"],"_links":{"self":[{"href":"http:\/\/gosarpoder.cat\/index.php?rest_route=\/wp\/v2\/pages\/429","targetHints":{"allow":["GET"]}}],"collection":[{"href":"http:\/\/gosarpoder.cat\/index.php?rest_route=\/wp\/v2\/pages"}],"about":[{"href":"http:\/\/gosarpoder.cat\/index.php?rest_route=\/wp\/v2\/types\/page"}],"author":[{"embeddable":true,"href":"http:\/\/gosarpoder.cat\/index.php?rest_route=\/wp\/v2\/users\/1"}],"replies":[{"embeddable":true,"href":"http:\/\/gosarpoder.cat\/index.php?rest_route=%2Fwp%2Fv2%2Fcomments&post=429"}],"version-history":[{"count":67,"href":"http:\/\/gosarpoder.cat\/index.php?rest_route=\/wp\/v2\/pages\/429\/revisions"}],"predecessor-version":[{"id":1487,"href":"http:\/\/gosarpoder.cat\/index.php?rest_route=\/wp\/v2\/pages\/429\/revisions\/1487"}],"wp:attachment":[{"href":"http:\/\/gosarpoder.cat\/index.php?rest_route=%2Fwp%2Fv2%2Fmedia&parent=429"}],"curies":[{"name":"wp","href":"https:\/\/api.w.org\/{rel}","templated":true}]}}