{"id":1326,"date":"2022-06-20T12:43:35","date_gmt":"2022-06-20T10:43:35","guid":{"rendered":"http:\/\/gosarpoder.cat\/?page_id=1326"},"modified":"2022-06-20T13:18:50","modified_gmt":"2022-06-20T11:18:50","slug":"juga-amb-ferrater","status":"publish","type":"page","link":"http:\/\/gosarpoder.cat\/?page_id=1326","title":{"rendered":"Juga amb Gabriel Ferrater"},"content":{"rendered":"\n<figure class=\"wp-block-image size-full is-resized\"><img loading=\"lazy\" decoding=\"async\" src=\"http:\/\/gosarpoder.cat\/wp-content\/uploads\/2022\/06\/rayuela_0.jpeg\" alt=\"\" class=\"wp-image-1334\" width=\"318\" height=\"239\" srcset=\"http:\/\/gosarpoder.cat\/wp-content\/uploads\/2022\/06\/rayuela_0.jpeg 350w, http:\/\/gosarpoder.cat\/wp-content\/uploads\/2022\/06\/rayuela_0-300x225.jpeg 300w\" sizes=\"auto, (max-width: 318px) 100vw, 318px\" \/><\/figure>\n\n\n\n<p><\/p>\n\n\n\n<p class=\"has-medium-font-size\">Podeu posar a prova la vostra sapi\u00e8ncia ferrateriana amb aquests dos jocs. <\/p>\n\n\n\n<p class=\"has-medium-font-size\">Animeu-vos-hi a participar! (feu clic a les imatges).<\/p>\n\n\n\n<p class=\"has-medium-font-size\">Trivial Gabriel Ferrater del <strong><a href=\"https:\/\/www.cpnl.cat\">Consorci per a la Normalitzaci\u00f3 Ling\u00fc\u00edstica<\/a><\/strong><\/p>\n\n\n\n<figure class=\"wp-block-image size-full is-resized\"><a href=\"https:\/\/view.genial.ly\/621fb4f02730db0018cebfdb\/interactive-content-trivial-ferrater\"><img loading=\"lazy\" decoding=\"async\" src=\"http:\/\/gosarpoder.cat\/wp-content\/uploads\/2022\/06\/Unknown.png\" alt=\"\" class=\"wp-image-1336\" width=\"443\" height=\"229\" srcset=\"http:\/\/gosarpoder.cat\/wp-content\/uploads\/2022\/06\/Unknown.png 312w, http:\/\/gosarpoder.cat\/wp-content\/uploads\/2022\/06\/Unknown-300x155.png 300w\" sizes=\"auto, (max-width: 443px) 100vw, 443px\" \/><\/a><\/figure>\n\n\n\n<p><\/p>\n\n\n\n<p class=\"has-medium-font-size\">Test Gabriel Ferrater de <a href=\"https:\/\/www.canalreustv.cat\"><strong>Canal Reus Televisi\u00f3<\/strong><\/a><\/p>\n\n\n\n<p><\/p>\n\n\n\n<figure class=\"wp-block-image size-full is-resized\"><a href=\"https:\/\/www.canalreustv.cat\/noticies\/test-que-saps-gabriel-ferrater\"><img loading=\"lazy\" decoding=\"async\" src=\"http:\/\/gosarpoder.cat\/wp-content\/uploads\/2022\/06\/Portada-test-2.jpg\" alt=\"\" class=\"wp-image-1337\" width=\"447\" height=\"251\" srcset=\"http:\/\/gosarpoder.cat\/wp-content\/uploads\/2022\/06\/Portada-test-2.jpg 830w, http:\/\/gosarpoder.cat\/wp-content\/uploads\/2022\/06\/Portada-test-2-300x169.jpg 300w, http:\/\/gosarpoder.cat\/wp-content\/uploads\/2022\/06\/Portada-test-2-768x432.jpg 768w\" sizes=\"auto, (max-width: 447px) 100vw, 447px\" \/><\/a><\/figure>\n\n\n\n<p><\/p>\n","protected":false},"excerpt":{"rendered":"<p>Podeu posar a prova la vostra sapi\u00e8ncia ferrateriana amb aquests dos jocs. Animeu-vos-hi a participar! (feu clic a les imatges). Trivial Gabriel Ferrater del Consorci per a la Normalitzaci\u00f3 Ling\u00fc\u00edstica Test Gabriel Ferrater de Canal Reus Televisi\u00f3<\/p>\n","protected":false},"author":1,"featured_media":0,"parent":0,"menu_order":0,"comment_status":"closed","ping_status":"closed","template":"","meta":{"footnotes":""},"class_list":["post-1326","page","type-page","status-publish","hentry"],"_links":{"self":[{"href":"http:\/\/gosarpoder.cat\/index.php?rest_route=\/wp\/v2\/pages\/1326","targetHints":{"allow":["GET"]}}],"collection":[{"href":"http:\/\/gosarpoder.cat\/index.php?rest_route=\/wp\/v2\/pages"}],"about":[{"href":"http:\/\/gosarpoder.cat\/index.php?rest_route=\/wp\/v2\/types\/page"}],"author":[{"embeddable":true,"href":"http:\/\/gosarpoder.cat\/index.php?rest_route=\/wp\/v2\/users\/1"}],"replies":[{"embeddable":true,"href":"http:\/\/gosarpoder.cat\/index.php?rest_route=%2Fwp%2Fv2%2Fcomments&post=1326"}],"version-history":[{"count":9,"href":"http:\/\/gosarpoder.cat\/index.php?rest_route=\/wp\/v2\/pages\/1326\/revisions"}],"predecessor-version":[{"id":1345,"href":"http:\/\/gosarpoder.cat\/index.php?rest_route=\/wp\/v2\/pages\/1326\/revisions\/1345"}],"wp:attachment":[{"href":"http:\/\/gosarpoder.cat\/index.php?rest_route=%2Fwp%2Fv2%2Fmedia&parent=1326"}],"curies":[{"name":"wp","href":"https:\/\/api.w.org\/{rel}","templated":true}]}}