{"id":120,"date":"2019-10-06T11:56:06","date_gmt":"2019-10-06T09:56:06","guid":{"rendered":"http:\/\/gosarpoder.cat\/?page_id=120"},"modified":"2024-10-08T18:18:04","modified_gmt":"2024-10-08T16:18:04","slug":"sobre-gabriel-ferrater","status":"publish","type":"page","link":"http:\/\/gosarpoder.cat\/?page_id=120","title":{"rendered":"Sobre Gabriel Ferrater"},"content":{"rendered":"\n<figure class=\"wp-block-image is-resized\"><img loading=\"lazy\" decoding=\"async\" width=\"990\" height=\"557\" src=\"http:\/\/gosarpoder.cat\/wp-content\/uploads\/2019\/10\/foto439064o_092f25ec.jpg\" alt=\"\" class=\"wp-image-224\" style=\"width:445px;height:250px\" srcset=\"http:\/\/gosarpoder.cat\/wp-content\/uploads\/2019\/10\/foto439064o_092f25ec.jpg 990w, http:\/\/gosarpoder.cat\/wp-content\/uploads\/2019\/10\/foto439064o_092f25ec-300x169.jpg 300w, http:\/\/gosarpoder.cat\/wp-content\/uploads\/2019\/10\/foto439064o_092f25ec-768x432.jpg 768w\" sizes=\"auto, (max-width: 767px) 89vw, (max-width: 1000px) 54vw, (max-width: 1071px) 543px, 580px\" \/><\/figure>\n\n\n\n<p><\/p>\n\n\n\n<p class=\"has-medium-font-size\"><a href=\"https:\/\/www.youtube.com\/playlist?list=PLqOOVCn1JvmxBHEJyYCtv6gwEfSFmXx6m\">Gabriel Ferrater. L&#8217;exc\u00e9s de la intel\u00b7lig\u00e8ncia (Cicle de confer\u00e8ncies de l&#8217;Institut d&#8217;Humanitats de Barcelona<\/a><\/p>\n\n\n\n<p class=\"has-medium-font-size\"><a href=\"https:\/\/cultura.gencat.cat\/ca\/temes\/commemoracions\/2022\/anygabrielferrater\/inici\/index.html\">Any Gabriel Ferrater<\/a><\/p>\n\n\n\n<p class=\"has-medium-font-size\"><a href=\"https:\/\/www.gabrielferrater.cat\/associacio-gabriel-ferrater\/\">Associaci\u00f3 Gabriel Ferrater<\/a><\/p>\n\n\n\n<p class=\"has-medium-font-size\"><a href=\"https:\/\/bd.centrelectura.cat\/items\/browse?multi-collection=14\">Fons Ferrater. Biblioteca del Centre de Lectura de Reus<\/a><\/p>\n\n\n\n<p class=\"has-medium-font-size\"><a href=\"http:\/\/gferrater.blogspot.com\">Un fres de mores negres. Apunts sobre Gabriel Ferrater<\/a><\/p>\n\n\n\n<p class=\"has-medium-font-size\"><a href=\"https:\/\/lletra.uoc.edu\/ca\/autor\/gabriel-ferrater\">Lletra<\/a><\/p>\n\n\n\n<p class=\"has-medium-font-size\"><a href=\"http:\/\/www.catedramariustorres.udl.cat\/materials\/biblioteca\/_autors\/index.php?acr_autor=ferr014\">C\u00e0tedra M\u00e0rius Torres<\/a><\/p>\n\n\n\n<p class=\"has-medium-font-size\"><a href=\"https:\/\/www.ccma.cat\/tv3\/alacarta\/el-documental\/metronom-ferrater\/video\/2621459\/\">Metr\u00f2nom Ferrater <\/a>(Documental)<\/p>\n\n\n\n<p class=\"has-medium-font-size\"><a href=\"http:\/\/www.rtve.es\/television\/20140321\/gabriel-ferrater-trabajos-seduccion-perdidos\/899160.shtml\">Gabriel Ferrater: trabajos de seducci\u00f3n perdidos<\/a> (Documental)<\/p>\n\n\n\n<p class=\"has-medium-font-size\"><a href=\"http:\/\/www.delamorideltemps.cat\">De l&#8217;amor i del temps<\/a> (Gabriel Ferrater musicat per Joan Artigas)<\/p>\n\n\n\n<p class=\"has-medium-font-size\"><a href=\"http:\/\/www.viulapoesia.com\/membrespocio\/arxius\/lletra\/gferrater_index_props.html\">Propostes did\u00e0ctiques<\/a><\/p>\n\n\n\n<p class=\"has-medium-font-size\"><a href=\"https:\/\/www.escriptors.cat\/autors\/ferraterg\/portic\">Associaci\u00f3 d&#8217;Escriptors en Llengua Catalana<\/a><\/p>\n\n\n\n<p class=\"has-medium-font-size\">\u00cd<a href=\"https:\/\/is.gd\/5fX4Qh\">ndex bibliogr\u00e0fic<\/a> (Joan Manuel P\u00e9rez i Pinya)<\/p>\n\n\n\n<p class=\"has-medium-font-size\"><a href=\"http:\/\/veusbaixes.cat\/zero.html\">Revista digital Veus Baixes dedicada a Gabriel Ferrater #0<\/a><\/p>\n\n\n\n<p class=\"has-medium-font-size\"><a href=\"http:\/\/veusbaixes.cat\/5.html\">Revista digital Veus Baixes dedicada a Joan Ferrat\u00e9 #5<\/a><\/p>\n\n\n\n<p class=\"has-medium-font-size\"><a href=\"http:\/\/veusbaixes.cat\/6.html\">Revista digital Veus Baixes Centenari Gabriel Ferrater #6<\/a><\/p>\n\n\n\n<p class=\"has-medium-font-size\"><a href=\"http:\/\/www.visat.cat\/traduccions-literatura-catalana\/cat\/autor\/18\/gabriel-ferrater.html\">Visat<\/a> (traduccions de poemes seus)<\/p>\n\n\n\n<p class=\"has-medium-font-size\"><a href=\"https:\/\/biblioteques.reus.cat\/zona-gabriel-ferrater\" data-type=\"URL\" data-id=\"https:\/\/biblioteques.reus.cat\/zona-gabriel-ferrater\">Zona Gabriel Ferrater (Servei municipal de biblioteques de Reus)<\/a><\/p>\n\n\n\n<p class=\"has-medium-font-size\"><a href=\"https:\/\/www.centrelectura.cat\/revistadigital\/numero\/vol-2022-9a-epoca-1r-quadrimestre-2\/\" data-type=\"URL\" data-id=\"https:\/\/www.centrelectura.cat\/revistadigital\/numero\/vol-2022-9a-epoca-1r-quadrimestre-2\/\">Monogr\u00e0fic Gabriel Ferrater a la Revista del Centre de Lectura de Reus<\/a><\/p>\n\n\n\n<p class=\"has-medium-font-size\"><a href=\"https:\/\/fonsespecials.udg.edu\/joan-ferrate-biblioteca-personal\/\">Fons Joan Ferrat\u00e9<\/a><\/p>\n\n\n\n<p><a href=\"http:\/\/gosarpoder.cat\">Inici<\/a><\/p>\n","protected":false},"excerpt":{"rendered":"<p>Gabriel Ferrater. L&#8217;exc\u00e9s de la intel\u00b7lig\u00e8ncia (Cicle de confer\u00e8ncies de l&#8217;Institut d&#8217;Humanitats de Barcelona Any Gabriel Ferrater Associaci\u00f3 Gabriel Ferrater Fons Ferrater. Biblioteca del Centre de Lectura de Reus Un fres de mores negres. Apunts sobre Gabriel Ferrater Lletra C\u00e0tedra M\u00e0rius Torres Metr\u00f2nom Ferrater (Documental) Gabriel Ferrater: trabajos de seducci\u00f3n perdidos (Documental) De l&#8217;amor i &hellip; <\/p>\n<p class=\"link-more\"><a href=\"http:\/\/gosarpoder.cat\/?page_id=120\" class=\"more-link\">Continua llegint <span class=\"screen-reader-text\">\u00abSobre Gabriel Ferrater\u00bb<\/span><\/a><\/p>\n","protected":false},"author":1,"featured_media":0,"parent":0,"menu_order":0,"comment_status":"closed","ping_status":"closed","template":"","meta":{"footnotes":""},"class_list":["post-120","page","type-page","status-publish","hentry"],"_links":{"self":[{"href":"http:\/\/gosarpoder.cat\/index.php?rest_route=\/wp\/v2\/pages\/120","targetHints":{"allow":["GET"]}}],"collection":[{"href":"http:\/\/gosarpoder.cat\/index.php?rest_route=\/wp\/v2\/pages"}],"about":[{"href":"http:\/\/gosarpoder.cat\/index.php?rest_route=\/wp\/v2\/types\/page"}],"author":[{"embeddable":true,"href":"http:\/\/gosarpoder.cat\/index.php?rest_route=\/wp\/v2\/users\/1"}],"replies":[{"embeddable":true,"href":"http:\/\/gosarpoder.cat\/index.php?rest_route=%2Fwp%2Fv2%2Fcomments&post=120"}],"version-history":[{"count":34,"href":"http:\/\/gosarpoder.cat\/index.php?rest_route=\/wp\/v2\/pages\/120\/revisions"}],"predecessor-version":[{"id":1462,"href":"http:\/\/gosarpoder.cat\/index.php?rest_route=\/wp\/v2\/pages\/120\/revisions\/1462"}],"wp:attachment":[{"href":"http:\/\/gosarpoder.cat\/index.php?rest_route=%2Fwp%2Fv2%2Fmedia&parent=120"}],"curies":[{"name":"wp","href":"https:\/\/api.w.org\/{rel}","templated":true}]}}